{"id":15,"date":"2025-03-23T11:58:41","date_gmt":"2025-03-23T11:58:41","guid":{"rendered":"https:\/\/manuela-rother.de\/?page_id=15"},"modified":"2025-05-21T11:17:36","modified_gmt":"2025-05-21T11:17:36","slug":"work","status":"publish","type":"page","link":"https:\/\/manuela-rother.de\/index.php\/work\/","title":{"rendered":"Kinderbetreuung in Enzweihingen"},"content":{"rendered":"\n<p><\/p>\n\n\n\n<div class=\"wp-block-group alignfull is-style-default has-background has-global-padding is-layout-constrained wp-block-group-is-layout-constrained\" style=\"background-color:#fff2de;margin-top:0;margin-bottom:0;padding-top:var(--wp--preset--spacing--80);padding-bottom:var(--wp--preset--spacing--80)\">\n<div class=\"wp-block-columns alignwide is-layout-flex wp-container-core-columns-is-layout-66fad18a wp-block-columns-is-layout-flex\">\n<div class=\"wp-block-column is-layout-flow wp-block-column-is-layout-flow\" style=\"padding-right:var(--wp--preset--spacing--50);flex-basis:30%\">\n<h2 class=\"wp-block-heading\">Betreuungszeiten<\/h2>\n\n\n\n<hr class=\"wp-block-separator has-alpha-channel-opacity\"\/>\n\n\n\n<p>Die regelm\u00e4\u00dfigen Betreuungszeiten sind von Montag bis Donnerstag von 7.30 Uhr bis 14.30 Uhr. Die Betreuung findet an 4  Tagen\/Woche zu je mind. 6 Stunden\/Tag statt. Die Kinder sollen bis sp\u00e4testens 8.30 Uhr anwesend sein, da ein sp\u00e4teres Bringen den Tagesablauf st\u00f6ren w\u00fcrde.<\/p>\n<\/div>\n\n\n\n<div class=\"wp-block-column is-vertically-aligned-top is-layout-flow wp-block-column-is-layout-flow\" style=\"padding-right:0;padding-left:0;flex-basis:30%\">\n<h2 class=\"wp-block-heading\">Betreuung eines Kindes in Enzweihingen<\/h2>\n\n\n\n<hr class=\"wp-block-separator has-alpha-channel-opacity\"\/>\n\n\n\n<p>Meine Pflegeerlaubnis ist f\u00fcr 5 Kinder ausgestellt. Ich betreue Kinder im Alter von 1-3 Jahren.<\/p>\n\n\n\n<p class=\"is-style-text-subtitle is-style-text-subtitle--1\">Das Fr\u00fchst\u00fcck und das Mittagessen wird von mir frisch zubereitet. Es ist abwechslungsreich und enth\u00e4lt viel Obst und Gem\u00fcse.<\/p>\n<\/div>\n\n\n\n<div class=\"wp-block-column is-layout-flow wp-block-column-is-layout-flow\" style=\"flex-basis:30%\">\n<h2 class=\"wp-block-heading\">Urlaub der Tagesmutter<\/h2>\n\n\n\n<hr class=\"wp-block-separator has-alpha-channel-opacity\"\/>\n\n\n\n<p>Mein Urlaub betr\u00e4gt 25 Tage im Jahr. Die Urlaubsplanung wird in der Regel im Januar eines Jahres abgeschlossen sein. Ich teile meinen Urlaub den Eltern mit. Die Tage zwischen den Weihnachtsfeiertagen und Neujahr werde ich generell Urlaub nehmen, da ich finde, dass das auch eine wertvolle Zeit f\u00fcr die Kinder mit den Eltern ist.<\/p>\n<\/div>\n<\/div>\n<\/div>\n\n\n\n<h2 class=\"wp-block-heading\">Tagesablauf<\/h2>\n\n\n\n<figure class=\"wp-block-table is-style-stripes\" style=\"padding-top:var(--wp--preset--spacing--30);padding-bottom:var(--wp--preset--spacing--30)\"><table class=\"has-fixed-layout\"><tbody><tr><td><strong>Uhrzeit<\/strong><\/td><td><strong>Programm<\/strong><\/td><\/tr><tr><td>7.30-8.30<\/td><td>Bring-Zeit, Freispiel<br>Projekte<\/td><\/tr><tr><td>8.45<\/td><td>Morgenkreis<\/td><\/tr><tr><td>9.00<\/td><td>Gemeinsames Fr\u00fchst\u00fcck<\/td><\/tr><tr><td>9.45<\/td><td>Spielzeit im Garten\/Spielplatz<\/td><\/tr><tr><td>11.00<\/td><td>K\u00f6rperpflege (wickeln, H\u00e4ndewaschen)<\/td><\/tr><tr><td>11.15<\/td><td>Mittagessen zubereiten, Freispiel<\/td><\/tr><tr><td>11.30<\/td><td>Gemeinsames Mittagessen<\/td><\/tr><tr><td>12.00<\/td><td>Mittagsschlaf\/-ruhe<\/td><\/tr><tr><td>14.00<\/td><td>Aufstehen, anziehen<\/td><\/tr><tr><td>14.30<\/td><td>Abholung<\/td><\/tr><\/tbody><\/table><\/figure>\n\n\n\n<div class=\"wp-block-group alignfull is-style-default has-background has-global-padding is-layout-constrained wp-container-core-group-is-layout-ebee8dc1 wp-block-group-is-layout-constrained\" style=\"background-color:#fffff4;margin-top:0;margin-bottom:0;padding-top:var(--wp--preset--spacing--50);padding-bottom:var(--wp--preset--spacing--50)\">\n<h2 class=\"wp-block-heading alignwide\">Mein Spieleparadies<\/h2>\n\n\n\n<div class=\"wp-block-columns alignwide is-layout-flex wp-container-core-columns-is-layout-28f84493 wp-block-columns-is-layout-flex\">\n<div class=\"wp-block-column is-layout-flow wp-block-column-is-layout-flow\">\n<figure class=\"wp-block-image size-full\" style=\"margin-bottom:24px\"><img loading=\"lazy\" decoding=\"async\" width=\"923\" height=\"2048\" src=\"https:\/\/manuela-rother.de\/wp-content\/uploads\/2025\/04\/IMG-20250325-WA0008.jpg\" alt=\"\" class=\"wp-image-57\" style=\"aspect-ratio:4\/3;object-fit:cover\" srcset=\"https:\/\/manuela-rother.de\/wp-content\/uploads\/2025\/04\/IMG-20250325-WA0008.jpg 923w, https:\/\/manuela-rother.de\/wp-content\/uploads\/2025\/04\/IMG-20250325-WA0008-135x300.jpg 135w, https:\/\/manuela-rother.de\/wp-content\/uploads\/2025\/04\/IMG-20250325-WA0008-462x1024.jpg 462w, https:\/\/manuela-rother.de\/wp-content\/uploads\/2025\/04\/IMG-20250325-WA0008-768x1704.jpg 768w, https:\/\/manuela-rother.de\/wp-content\/uploads\/2025\/04\/IMG-20250325-WA0008-692x1536.jpg 692w\" sizes=\"auto, (max-width: 923px) 100vw, 923px\" \/><\/figure>\n\n\n\n<h3 class=\"wp-block-heading\">Tagespflegestelle mit Garten<\/h3>\n\n\n\n<p class=\"has-medium-font-size\">Die Tagespflegestelle liegt in Enzweihingen in einem Wohngebiet nahe der B10. Mit meiner Familie wohne ich in einer 180 m\u00b2 gro\u00dfen Doppelhaush\u00e4lfte mit Garten. Unser Garten ist eingez\u00e4unt und bietet Gelegenheit zum Toben und Spielen.<\/p>\n<\/div>\n\n\n\n<div class=\"wp-block-column is-layout-flow wp-block-column-is-layout-flow\">\n<figure class=\"wp-block-image size-full\" style=\"margin-bottom:24px\"><img loading=\"lazy\" decoding=\"async\" width=\"923\" height=\"2048\" src=\"https:\/\/manuela-rother.de\/wp-content\/uploads\/2025\/04\/IMG-20250325-WA0006.jpg\" alt=\"\" class=\"wp-image-55\" style=\"aspect-ratio:4\/3;object-fit:cover\" srcset=\"https:\/\/manuela-rother.de\/wp-content\/uploads\/2025\/04\/IMG-20250325-WA0006.jpg 923w, https:\/\/manuela-rother.de\/wp-content\/uploads\/2025\/04\/IMG-20250325-WA0006-135x300.jpg 135w, https:\/\/manuela-rother.de\/wp-content\/uploads\/2025\/04\/IMG-20250325-WA0006-462x1024.jpg 462w, https:\/\/manuela-rother.de\/wp-content\/uploads\/2025\/04\/IMG-20250325-WA0006-768x1704.jpg 768w, https:\/\/manuela-rother.de\/wp-content\/uploads\/2025\/04\/IMG-20250325-WA0006-692x1536.jpg 692w\" sizes=\"auto, (max-width: 923px) 100vw, 923px\" \/><\/figure>\n\n\n\n<h3 class=\"wp-block-heading\">Betreuungsr\u00e4ume<\/h3>\n\n\n\n<p class=\"has-medium-font-size\">Die Betreuung der Tageskinder findet vorwiegend im Wohn- und Esszimmer statt. Auf diesem Geschoss liegt auch die K\u00fcche. Die Kinder k\u00f6nnen dieses Geschoss frei nutzen und sich mit Spielsachen aus der Spieleecke selbst besch\u00e4ftigen. Der Zugang zum Garten ist vom Wohnzimmer aus m\u00f6glich.<\/p>\n<\/div>\n\n\n\n<div class=\"wp-block-column is-layout-flow wp-block-column-is-layout-flow\">\n<figure class=\"wp-block-image size-full\" style=\"margin-bottom:24px\"><img loading=\"lazy\" decoding=\"async\" width=\"1536\" height=\"2040\" src=\"https:\/\/manuela-rother.de\/wp-content\/uploads\/2025\/05\/IMG-20250424-WA0007.jpg\" alt=\"\" class=\"wp-image-71\" style=\"aspect-ratio:4\/3;object-fit:cover\" srcset=\"https:\/\/manuela-rother.de\/wp-content\/uploads\/2025\/05\/IMG-20250424-WA0007.jpg 1536w, https:\/\/manuela-rother.de\/wp-content\/uploads\/2025\/05\/IMG-20250424-WA0007-226x300.jpg 226w, https:\/\/manuela-rother.de\/wp-content\/uploads\/2025\/05\/IMG-20250424-WA0007-771x1024.jpg 771w, https:\/\/manuela-rother.de\/wp-content\/uploads\/2025\/05\/IMG-20250424-WA0007-768x1020.jpg 768w, https:\/\/manuela-rother.de\/wp-content\/uploads\/2025\/05\/IMG-20250424-WA0007-1157x1536.jpg 1157w\" sizes=\"auto, (max-width: 1536px) 100vw, 1536px\" \/><\/figure>\n\n\n\n<h3 class=\"wp-block-heading\">Sicherheit<\/h3>\n\n\n\n<p class=\"has-medium-font-size\">An den Treppen sind Treppenschutzgitter angebracht. Diese sorgen mit weiteren Sicherheitsma\u00dfnahmen daf\u00fcr, dass sich Ihr Kind gefahrlos in allen Betreuungsr\u00e4umen bewegen kann.<\/p>\n<\/div>\n<\/div>\n\n\n\n<div class=\"wp-block-columns alignwide is-layout-flex wp-container-core-columns-is-layout-28f84493 wp-block-columns-is-layout-flex\">\n<div class=\"wp-block-column is-layout-flow wp-block-column-is-layout-flow\">\n<figure class=\"wp-block-image size-full\" style=\"margin-bottom:24px\"><img loading=\"lazy\" decoding=\"async\" width=\"2000\" height=\"900\" src=\"https:\/\/manuela-rother.de\/wp-content\/uploads\/2025\/04\/schlafzimmer.jpg\" alt=\"\" class=\"wp-image-65\" style=\"aspect-ratio:4\/3;object-fit:cover\" srcset=\"https:\/\/manuela-rother.de\/wp-content\/uploads\/2025\/04\/schlafzimmer.jpg 2000w, https:\/\/manuela-rother.de\/wp-content\/uploads\/2025\/04\/schlafzimmer-300x135.jpg 300w, https:\/\/manuela-rother.de\/wp-content\/uploads\/2025\/04\/schlafzimmer-1024x461.jpg 1024w, https:\/\/manuela-rother.de\/wp-content\/uploads\/2025\/04\/schlafzimmer-768x346.jpg 768w, https:\/\/manuela-rother.de\/wp-content\/uploads\/2025\/04\/schlafzimmer-1536x691.jpg 1536w\" sizes=\"auto, (max-width: 2000px) 100vw, 2000px\" \/><\/figure>\n\n\n\n<h3 class=\"wp-block-heading\">Schlafraum<\/h3>\n\n\n\n<p class=\"has-medium-font-size\">Im Obergeschoss liegt der Schlafraum, in dem Kinderbetten ihren Platz haben. Nach dem Mittagessen machen die Kinder hier ihren Mittagsschlaf. Jedes Kind hat dabei sein eigenes Bett.<\/p>\n<\/div>\n\n\n\n<div class=\"wp-block-column is-layout-flow wp-block-column-is-layout-flow\">\n<figure class=\"wp-block-image size-full\" style=\"margin-bottom:24px\"><img loading=\"lazy\" decoding=\"async\" width=\"923\" height=\"2048\" src=\"https:\/\/manuela-rother.de\/wp-content\/uploads\/2025\/04\/IMG-20250325-WA0005.jpg\" alt=\"\" class=\"wp-image-54\" style=\"aspect-ratio:4\/3;object-fit:cover\" srcset=\"https:\/\/manuela-rother.de\/wp-content\/uploads\/2025\/04\/IMG-20250325-WA0005.jpg 923w, https:\/\/manuela-rother.de\/wp-content\/uploads\/2025\/04\/IMG-20250325-WA0005-135x300.jpg 135w, https:\/\/manuela-rother.de\/wp-content\/uploads\/2025\/04\/IMG-20250325-WA0005-462x1024.jpg 462w, https:\/\/manuela-rother.de\/wp-content\/uploads\/2025\/04\/IMG-20250325-WA0005-768x1704.jpg 768w, https:\/\/manuela-rother.de\/wp-content\/uploads\/2025\/04\/IMG-20250325-WA0005-692x1536.jpg 692w\" sizes=\"auto, (max-width: 923px) 100vw, 923px\" \/><\/figure>\n\n\n\n<h3 class=\"wp-block-heading\">Ausstattung<\/h3>\n\n\n\n<p class=\"has-medium-font-size\">Im Garten befinden sich Schaukeln, Rutschen, Wippen, Fahrzeuge, ein Spielhaus und mehr. Ich gehe mit meinen Betreuungskindern oft und gerne raus, wenn es das Wetter zul\u00e4sst.<\/p>\n<\/div>\n\n\n\n<div class=\"wp-block-column is-layout-flow wp-block-column-is-layout-flow\">\n<figure class=\"wp-block-image size-full\" style=\"margin-bottom:24px\"><img loading=\"lazy\" decoding=\"async\" width=\"1032\" height=\"1312\" src=\"https:\/\/manuela-rother.de\/wp-content\/uploads\/2025\/03\/spielzeug.jpg\" alt=\"\" class=\"wp-image-23\" style=\"aspect-ratio:4\/3;object-fit:cover\" srcset=\"https:\/\/manuela-rother.de\/wp-content\/uploads\/2025\/03\/spielzeug.jpg 1032w, https:\/\/manuela-rother.de\/wp-content\/uploads\/2025\/03\/spielzeug-236x300.jpg 236w, https:\/\/manuela-rother.de\/wp-content\/uploads\/2025\/03\/spielzeug-805x1024.jpg 805w, https:\/\/manuela-rother.de\/wp-content\/uploads\/2025\/03\/spielzeug-768x976.jpg 768w\" sizes=\"auto, (max-width: 1032px) 100vw, 1032px\" \/><\/figure>\n\n\n\n<h3 class=\"wp-block-heading\">Spielzeuge<\/h3>\n\n\n\n<p class=\"has-medium-font-size\">Au\u00dferdem verf\u00fcgt die Tagespflegestelle im Wohnzimmer \u00fcber Spielzeuge wie Tierfahrzeuge, Stofftiere, B\u00e4llebad, Lernspiele oder eine Eisenbahn.<\/p>\n<\/div>\n<\/div>\n\n\n\n<div class=\"wp-block-columns alignwide is-layout-flex wp-container-core-columns-is-layout-28f84493 wp-block-columns-is-layout-flex\">\n<div class=\"wp-block-column is-layout-flow wp-block-column-is-layout-flow\">\n<figure class=\"wp-block-image size-full\" style=\"margin-bottom:24px\"><img loading=\"lazy\" decoding=\"async\" width=\"1662\" height=\"2048\" src=\"https:\/\/manuela-rother.de\/wp-content\/uploads\/2025\/04\/IMG-20250325-WA0009.jpg\" alt=\"\" class=\"wp-image-58\" style=\"aspect-ratio:4\/3;object-fit:cover\" srcset=\"https:\/\/manuela-rother.de\/wp-content\/uploads\/2025\/04\/IMG-20250325-WA0009.jpg 1662w, https:\/\/manuela-rother.de\/wp-content\/uploads\/2025\/04\/IMG-20250325-WA0009-243x300.jpg 243w, https:\/\/manuela-rother.de\/wp-content\/uploads\/2025\/04\/IMG-20250325-WA0009-831x1024.jpg 831w, https:\/\/manuela-rother.de\/wp-content\/uploads\/2025\/04\/IMG-20250325-WA0009-768x946.jpg 768w, https:\/\/manuela-rother.de\/wp-content\/uploads\/2025\/04\/IMG-20250325-WA0009-1247x1536.jpg 1247w\" sizes=\"auto, (max-width: 1662px) 100vw, 1662px\" \/><\/figure>\n\n\n\n<h3 class=\"wp-block-heading\">Essbereich<\/h3>\n\n\n\n<p class=\"has-medium-font-size\">F\u00fcr die Essenszeiten sind Kinder-Hochst\u00fchle sowie ein Kindertisch mit St\u00fchlen und einer Bank vorhanden. Zum Essen sitzen alle Kinder zusammen am Tisch. Wenn alle Kinder fertig sind, verlassen wir gemeinsam den Essbereich.<\/p>\n<\/div>\n\n\n\n<div class=\"wp-block-column is-layout-flow wp-block-column-is-layout-flow\">\n<figure class=\"wp-block-image size-full\" style=\"margin-bottom:24px\"><img loading=\"lazy\" decoding=\"async\" width=\"1030\" height=\"1541\" src=\"https:\/\/manuela-rother.de\/wp-content\/uploads\/2025\/03\/kinderwagen.jpg\" alt=\"\" class=\"wp-image-25\" style=\"aspect-ratio:4\/3;object-fit:cover\" srcset=\"https:\/\/manuela-rother.de\/wp-content\/uploads\/2025\/03\/kinderwagen.jpg 1030w, https:\/\/manuela-rother.de\/wp-content\/uploads\/2025\/03\/kinderwagen-201x300.jpg 201w, https:\/\/manuela-rother.de\/wp-content\/uploads\/2025\/03\/kinderwagen-684x1024.jpg 684w, https:\/\/manuela-rother.de\/wp-content\/uploads\/2025\/03\/kinderwagen-768x1149.jpg 768w, https:\/\/manuela-rother.de\/wp-content\/uploads\/2025\/03\/kinderwagen-1027x1536.jpg 1027w\" sizes=\"auto, (max-width: 1030px) 100vw, 1030px\" \/><\/figure>\n\n\n\n<h3 class=\"wp-block-heading\">Ausfl\u00fcge<\/h3>\n\n\n\n<p class=\"has-medium-font-size\">Ich gehe gerne mit meinen Tageskindern raus und habe dazu einen Buggy, Zwillingsbuggy und 3er-Krippenwagen. Die W\u00e4gen sind mit einem Sonnen- und Regenschutz ausgestattet. F\u00fcr Autofahrten verf\u00fcgt die Tagespflegestelle \u00fcber 2 Autositze f\u00fcr Kinder von 9-18 kg.<\/p>\n<\/div>\n\n\n\n<div class=\"wp-block-column is-layout-flow wp-block-column-is-layout-flow\">\n<h3 class=\"wp-block-heading\"><\/h3>\n\n\n\n<p class=\"has-medium-font-size\"><\/p>\n<\/div>\n<\/div>\n<\/div>\n\n\n\n<div class=\"wp-block-group alignfull is-style-default has-background has-global-padding is-layout-constrained wp-block-group-is-layout-constrained\" style=\"background-color:#fff2de;margin-top:0;margin-bottom:0;padding-top:var(--wp--preset--spacing--60);padding-bottom:var(--wp--preset--spacing--60)\">\n<h2 class=\"wp-block-heading alignwide has-text-align-center\">Preise und Kosten einer Tagesmutter<\/h2>\n\n\n\n<p class=\"has-text-align-left\">Die Kosten f\u00fcr die Betreuung durch eine Tagesmutter richten sich nach den Betreuungsstunden und dem Einkommen der Eltern. Eine F\u00f6rderung kann f\u00fcr Kinder zwischen 0-14 Jahren beantragt werden. Bei Kindern zwischen 1-3 Jahren k\u00f6nnen die Eltern auch ohne arbeitsbedingte Gr\u00fcnde die Kindertagespflege von bis zu 30 Stunden w\u00f6chentlich in Anspruch nehmen.<\/p>\n\n\n\n<p class=\"has-text-align-left\">Die Antr\u00e4ge sind m\u00f6glichst fr\u00fch zu stellen, damit die Eltern nicht in Vorkasse gehen m\u00fcssen, bis das Geld von der Finanzierung Kindertagespflege flie\u00dft. Etwaige Links und Downloads der zust\u00e4ndigen Stellen, sowie die Kostentabelle f\u00fcr den Landkreis Ludwigsburg erhalten Sie auf den entsprechenden Websites <a href=\"http:\/\/www.tageseltern-lb.de\" target=\"_blank\" rel=\"noreferrer noopener\">(http:\/\/www.tageseltern-lb.de)<\/a>. F\u00fcr das Fr\u00fchst\u00fcck und Mittagessen werden Beitr\u00e4ge berechnet. Zus\u00e4tzlich berechne ich pro Betreuungsstunde einen zus\u00e4tzlichen Euro.<\/p>\n\n\n\n<p class=\"has-text-align-left\">F\u00fcr Fragen \u00fcber die Kosten und F\u00f6rderungsm\u00f6glichkeiten ist die Finanzierung Kindertagespflege zust\u00e4ndig (finanzierung.kindertagesbetreuung@landkreis-ludwigsburg.de).<\/p>\n<\/div>\n","protected":false},"excerpt":{"rendered":"<p>Betreuungszeiten Die regelm\u00e4\u00dfigen Betreuungszeiten sind von Montag bis Donnerstag von 7.30 Uhr bis 14.30 Uhr. Die Betreuung findet an 4 Tagen\/Woche zu je mind. 6 Stunden\/Tag statt. Die Kinder sollen bis sp\u00e4testens 8.30 Uhr anwesend sein, da ein sp\u00e4teres Bringen den Tagesablauf st\u00f6ren w\u00fcrde. Betreuung eines Kindes in Enzweihingen Meine Pflegeerlaubnis ist f\u00fcr 5 Kinder [&hellip;]<\/p>\n","protected":false},"author":1,"featured_media":0,"parent":0,"menu_order":0,"comment_status":"closed","ping_status":"closed","template":"","meta":{"footnotes":""},"class_list":["post-15","page","type-page","status-publish","hentry"],"_links":{"self":[{"href":"https:\/\/manuela-rother.de\/index.php\/wp-json\/wp\/v2\/pages\/15","targetHints":{"allow":["GET"]}}],"collection":[{"href":"https:\/\/manuela-rother.de\/index.php\/wp-json\/wp\/v2\/pages"}],"about":[{"href":"https:\/\/manuela-rother.de\/index.php\/wp-json\/wp\/v2\/types\/page"}],"author":[{"embeddable":true,"href":"https:\/\/manuela-rother.de\/index.php\/wp-json\/wp\/v2\/users\/1"}],"replies":[{"embeddable":true,"href":"https:\/\/manuela-rother.de\/index.php\/wp-json\/wp\/v2\/comments?post=15"}],"version-history":[{"count":11,"href":"https:\/\/manuela-rother.de\/index.php\/wp-json\/wp\/v2\/pages\/15\/revisions"}],"predecessor-version":[{"id":78,"href":"https:\/\/manuela-rother.de\/index.php\/wp-json\/wp\/v2\/pages\/15\/revisions\/78"}],"wp:attachment":[{"href":"https:\/\/manuela-rother.de\/index.php\/wp-json\/wp\/v2\/media?parent=15"}],"curies":[{"name":"wp","href":"https:\/\/api.w.org\/{rel}","templated":true}]}}