{"id":11,"date":"2025-03-23T11:25:29","date_gmt":"2025-03-23T11:25:29","guid":{"rendered":"https:\/\/manuela-rother.de\/?page_id=11"},"modified":"2025-04-12T11:05:03","modified_gmt":"2025-04-12T11:05:03","slug":"ueber","status":"publish","type":"page","link":"https:\/\/manuela-rother.de\/index.php\/ueber\/","title":{"rendered":"Manuela&#8217;s B\u00e4renstube in Enzweihingen"},"content":{"rendered":"\n<div class=\"wp-block-group alignfull has-global-padding is-layout-constrained wp-container-core-group-is-layout-0c9c989a wp-block-group-is-layout-constrained\" style=\"min-height:0vh;margin-top:0;margin-bottom:0;padding-top:var(--wp--preset--spacing--70);padding-right:var(--wp--preset--spacing--40);padding-bottom:var(--wp--preset--spacing--70);padding-left:var(--wp--preset--spacing--40)\">\n<div class=\"wp-block-group has-global-padding is-layout-constrained wp-container-core-group-is-layout-346627ba wp-block-group-is-layout-constrained\">\n<h2 class=\"wp-block-heading has-text-align-center has-xx-large-font-size\" style=\"margin-right:0;margin-left:0;padding-right:0;padding-left:0\">Hier erf\u00e4hrt Ihr Kind F\u00fcrsorge<\/h2>\n\n\n\n<p class=\"has-text-align-center\">Als Mutter von 4 erwachsenen Kindern ist es kein Beruf f\u00fcr mich, (Tages-) Mutter zu sein &#8211; es ist meine Leidenschaft. Mir ist es wichtig, dass Ihr Kind in einer liebevollen Umgebung in meiner kleinen Kinderkrippe aufwachsen kann, gef\u00f6rdert wird und sich auch austoben kann.<br><br>Hierzu ist die Tagespflegestelle in Enzweihingen mit einer Menge Spielzeug ausgestattet, auch f\u00fcr den Gartenbereich. Aber auch Spielzeuge zum Erlernen und F\u00f6rdern von F\u00e4higkeiten sind vorhanden, um Ihr Kind spielerisch weiterzuentwicklen.<\/p>\n<\/div>\n<\/div>\n\n\n\n<div class=\"wp-block-group alignfull is-style-section-1 has-global-padding is-layout-constrained wp-block-group-is-layout-constrained is-style-section-1--1\" style=\"margin-top:0;margin-bottom:0;padding-top:var(--wp--preset--spacing--80);padding-bottom:var(--wp--preset--spacing--80)\">\n<div class=\"wp-block-columns alignwide is-layout-flex wp-container-core-columns-is-layout-66fad18a wp-block-columns-is-layout-flex\">\n<div class=\"wp-block-column is-layout-flow wp-block-column-is-layout-flow\" style=\"padding-right:var(--wp--preset--spacing--50);flex-basis:45%\">\n<figure class=\"wp-block-image size-full\"><img loading=\"lazy\" decoding=\"async\" width=\"1143\" height=\"1079\" src=\"https:\/\/manuela-rother.de\/wp-content\/uploads\/2025\/03\/kindertagesstatte-enzweihingen.jpg\" alt=\"Tagesmutter\" class=\"wp-image-9\" srcset=\"https:\/\/manuela-rother.de\/wp-content\/uploads\/2025\/03\/kindertagesstatte-enzweihingen.jpg 1143w, https:\/\/manuela-rother.de\/wp-content\/uploads\/2025\/03\/kindertagesstatte-enzweihingen-300x283.jpg 300w, https:\/\/manuela-rother.de\/wp-content\/uploads\/2025\/03\/kindertagesstatte-enzweihingen-1024x967.jpg 1024w, https:\/\/manuela-rother.de\/wp-content\/uploads\/2025\/03\/kindertagesstatte-enzweihingen-768x725.jpg 768w\" sizes=\"auto, (max-width: 1143px) 100vw, 1143px\" \/><\/figure>\n\n\n\n<div class=\"wp-block-group has-global-padding is-layout-constrained wp-block-group-is-layout-constrained\" style=\"margin-top:-12vw\"><\/div>\n<\/div>\n\n\n\n<div class=\"wp-block-column is-vertically-aligned-center is-layout-flow wp-block-column-is-layout-flow\" style=\"padding-right:0;padding-left:0;flex-basis:50%\">\n<div class=\"wp-block-group is-vertical is-layout-flex wp-container-core-group-is-layout-fe9cc265 wp-block-group-is-layout-flex\">\n<h2 class=\"wp-block-heading is-style-text-annotation is-style-text-annotation--2\">Tagesmutter zu sein ist weit mehr f\u00fcr mich, als ein Beruf<\/h2>\n<\/div>\n\n\n\n<p class=\"is-style-text-subtitle is-style-text-subtitle--3\">Ich habe 4 erwachsene Kinder, von denen 1 Kind noch bei mir und meinem Mann im Haus lebt. Nachdem mein Sohn geboren war, habe ich mich vollst\u00e4ndig auf meine Kinder konzentriert und diese gro\u00dfgezogen.<\/p>\n\n\n\n<p>Im Jahre 2013 habe ich bei einer Kindertagesst\u00e4tte angefangen, zu arbeiten. Hier habe ich festgestellt, dass dies mein Traumberuf ist.<\/p>\n\n\n\n<p>Es hat mich immer gereizt, selbst eine kleine Gruppe von Kindern als Tagesmutter zu betreuen. Bis Juni 2019 arbeitete ich in einer Kita und qualifizierte mich dann weiter zur Tagespflegeperson mit Pflegeerlaubnis nach \u00a7 43 SGB VIII, ausgestellt f\u00fcr 5 Kinder.<\/p>\n<\/div>\n<\/div>\n<\/div>\n\n\n\n<div class=\"wp-block-group alignfull has-global-padding is-layout-constrained wp-block-group-is-layout-constrained\" style=\"margin-top:0;margin-bottom:0;padding-top:var(--wp--preset--spacing--60);padding-bottom:var(--wp--preset--spacing--60)\">\n<div class=\"wp-block-columns alignwide is-layout-flex wp-container-core-columns-is-layout-74b2cda3 wp-block-columns-is-layout-flex\">\n<div class=\"wp-block-column is-layout-flow wp-block-column-is-layout-flow\">\n<div class=\"wp-block-group is-vertical is-content-justification-left is-layout-flex wp-container-core-group-is-layout-7ce391b6 wp-block-group-is-layout-flex\" style=\"min-height:100%\">\n<h2 class=\"wp-block-heading is-style-text-annotation has-x-small-font-size is-style-text-annotation--4\">Ein weiteres Familienmitglied<\/h2>\n\n\n\n<p>Zusammen mit meinem Mann und unserem Sohn lebt noch unsere kleine H\u00fcndin im Haus. Diese Hunderasse haart nicht, weshalb unser Hund selbst f\u00fcr Allergiker, wie meinen Mann, geeignet ist.<\/p>\n\n\n\n<p>Unsere H\u00fcndin ist zusammen mit den Tageskindern aufgewachsen. Sie kennt den Umgang mit Kindern, ist immer freundlich und neugierig. Gerne spielt sie auch mit und sitzt im Morgenkreis bei uns.<\/p>\n\n\n\n<p>Neben unserem Haus ist ein kleiner Bauernhof mit K\u00fchen und K\u00e4lbern, den ich mit meinen Tagespflegekindern ab und an besuche. Gerade f\u00fcr Kinder ist das Kennenlernen von Tieren wichtig und f\u00f6rdernd, um F\u00fcrsorge und Verantwortungsbewusstsein zu entwickeln.<\/p>\n<\/div>\n<\/div>\n\n\n\n<div class=\"wp-block-column is-layout-flow wp-block-column-is-layout-flow\" style=\"padding-top:0;padding-right:0;padding-bottom:0;padding-left:0\">\n<figure class=\"wp-block-image size-large\"><img loading=\"lazy\" decoding=\"async\" width=\"461\" height=\"1024\" src=\"https:\/\/manuela-rother.de\/wp-content\/uploads\/2025\/03\/leni-461x1024.jpg\" alt=\"\" class=\"wp-image-13\" style=\"aspect-ratio:3\/4;object-fit:cover\" srcset=\"https:\/\/manuela-rother.de\/wp-content\/uploads\/2025\/03\/leni-461x1024.jpg 461w, https:\/\/manuela-rother.de\/wp-content\/uploads\/2025\/03\/leni-135x300.jpg 135w, https:\/\/manuela-rother.de\/wp-content\/uploads\/2025\/03\/leni-692x1536.jpg 692w, https:\/\/manuela-rother.de\/wp-content\/uploads\/2025\/03\/leni.jpg 721w\" sizes=\"auto, (max-width: 461px) 100vw, 461px\" \/><\/figure>\n<\/div>\n<\/div>\n<\/div>\n\n\n\n<div class=\"wp-block-group has-global-padding is-layout-constrained wp-block-group-is-layout-constrained\">\n<h2 class=\"wp-block-heading\">Ich freue mich, Sie und Ihr Kind kennenlernen zu d\u00fcrfen<\/h2>\n\n\n\n<p>Denken Sie, Ihr Kind passt zu mir als Tagesmutter in Enzweihingen oder haben Sie Fragen? Dann nehmen Sie gerne Kontakt zu mir auf. Ich freue mich auf Sie und Ihr Kind.<\/p>\n<\/div>\n","protected":false},"excerpt":{"rendered":"<p>Hier erf\u00e4hrt Ihr Kind F\u00fcrsorge Als Mutter von 4 erwachsenen Kindern ist es kein Beruf f\u00fcr mich, (Tages-) Mutter zu sein &#8211; es ist meine Leidenschaft. Mir ist es wichtig, dass Ihr Kind in einer liebevollen Umgebung in meiner kleinen Kinderkrippe aufwachsen kann, gef\u00f6rdert wird und sich auch austoben kann. Hierzu ist die Tagespflegestelle in [&hellip;]<\/p>\n","protected":false},"author":1,"featured_media":61,"parent":0,"menu_order":0,"comment_status":"closed","ping_status":"closed","template":"","meta":{"footnotes":""},"class_list":["post-11","page","type-page","status-publish","has-post-thumbnail","hentry"],"_links":{"self":[{"href":"https:\/\/manuela-rother.de\/index.php\/wp-json\/wp\/v2\/pages\/11","targetHints":{"allow":["GET"]}}],"collection":[{"href":"https:\/\/manuela-rother.de\/index.php\/wp-json\/wp\/v2\/pages"}],"about":[{"href":"https:\/\/manuela-rother.de\/index.php\/wp-json\/wp\/v2\/types\/page"}],"author":[{"embeddable":true,"href":"https:\/\/manuela-rother.de\/index.php\/wp-json\/wp\/v2\/users\/1"}],"replies":[{"embeddable":true,"href":"https:\/\/manuela-rother.de\/index.php\/wp-json\/wp\/v2\/comments?post=11"}],"version-history":[{"count":3,"href":"https:\/\/manuela-rother.de\/index.php\/wp-json\/wp\/v2\/pages\/11\/revisions"}],"predecessor-version":[{"id":63,"href":"https:\/\/manuela-rother.de\/index.php\/wp-json\/wp\/v2\/pages\/11\/revisions\/63"}],"wp:featuredmedia":[{"embeddable":true,"href":"https:\/\/manuela-rother.de\/index.php\/wp-json\/wp\/v2\/media\/61"}],"wp:attachment":[{"href":"https:\/\/manuela-rother.de\/index.php\/wp-json\/wp\/v2\/media?parent=11"}],"curies":[{"name":"wp","href":"https:\/\/api.w.org\/{rel}","templated":true}]}}